{"id":27,"date":"2023-11-06T03:17:48","date_gmt":"2023-11-06T03:17:48","guid":{"rendered":"https:\/\/xn--diseoambar-w9a.com\/?page_id=27"},"modified":"2023-11-29T15:26:14","modified_gmt":"2023-11-29T15:26:14","slug":"nosotros","status":"publish","type":"page","link":"https:\/\/xn--diseoambar-w9a.com\/index.php\/nosotros\/","title":{"rendered":"Nosotros"},"content":{"rendered":"<div class=\"video video-fit mb\" style=\"padding-top:56.25%;\"><iframe loading=\"lazy\" title=\"Dale el mejor estilo a tu hogar\" width=\"1020\" height=\"574\" src=\"https:\/\/www.youtube.com\/embed\/0V_HWgerpEc?feature=oembed\" frameborder=\"0\" allow=\"accelerometer; autoplay; clipboard-write; encrypted-media; gyroscope; picture-in-picture; web-share\" allowfullscreen><\/iframe><\/div>\n\n<div class=\"row\"  id=\"row-1144568985\">\n\n\n\t<div id=\"col-1576884363\" class=\"col medium-6 small-12 large-6\"  >\n\t\t\t\t<div class=\"col-inner\"  >\n\t\t\t\n\t\t\t\n\n\t<div class=\"img has-hover x md-x lg-x y md-y lg-y\" id=\"image_272225954\">\n\t\t\t\t\t\t\t\t<div class=\"img-inner dark\" >\n\t\t\t<img loading=\"lazy\" decoding=\"async\" width=\"225\" height=\"300\" src=\"https:\/\/xn--diseoambar-w9a.com\/wp-content\/uploads\/2023\/11\/38E12618-1404-44DC-AD39-7D1ACD5CA780-225x300.jpeg\" class=\"attachment-medium size-medium\" alt=\"\" srcset=\"https:\/\/xn--diseoambar-w9a.com\/wp-content\/uploads\/2023\/11\/38E12618-1404-44DC-AD39-7D1ACD5CA780-225x300.jpeg 225w, https:\/\/xn--diseoambar-w9a.com\/wp-content\/uploads\/2023\/11\/38E12618-1404-44DC-AD39-7D1ACD5CA780-768x1024.jpeg 768w, https:\/\/xn--diseoambar-w9a.com\/wp-content\/uploads\/2023\/11\/38E12618-1404-44DC-AD39-7D1ACD5CA780-1152x1536.jpeg 1152w, https:\/\/xn--diseoambar-w9a.com\/wp-content\/uploads\/2023\/11\/38E12618-1404-44DC-AD39-7D1ACD5CA780-1536x2048.jpeg 1536w, https:\/\/xn--diseoambar-w9a.com\/wp-content\/uploads\/2023\/11\/38E12618-1404-44DC-AD39-7D1ACD5CA780-510x680.jpeg 510w, https:\/\/xn--diseoambar-w9a.com\/wp-content\/uploads\/2023\/11\/38E12618-1404-44DC-AD39-7D1ACD5CA780-scaled.jpeg 1920w\" sizes=\"auto, (max-width: 225px) 100vw, 225px\" \/>\t\t\t\t\t\t\n\t\t\t\t\t<\/div>\n\t\t\t\t\t\t\t\t\n<style>\n#image_272225954 {\n  width: 100%;\n}\n<\/style>\n\t<\/div>\n\t\n\n\n\t\t<\/div>\n\t\t\t\t\t<\/div>\n\n\t\n\n\t<div id=\"col-773489027\" class=\"col medium-6 small-12 large-6\"  >\n\t\t\t\t<div class=\"col-inner\"  >\n\t\t\t\n\t\t\t\n\n<h3>Somos Fabricantes de muebles personalizados <\/h3>\n<p>\nRese\u00f1a Hist\u00f3rica:<\/p>\n<p>1. Or\u00edgenes:<\/p>\n<p>Mundo Muebles Buga, En sus inicios, se centraba en la venta de art\u00edculos de baja calidad a precios asequibles. Cuyo portafolio cambio r\u00e1pidamente y as\u00ed logro mantener una aceptaci\u00f3n importante en los sectores econ\u00f3micos actuales.<\/p>\n<p>2. \u00c9nfasis en el Dise\u00f1o y Funcionalidad:<\/p>\n<p>A lo largo de los a\u00f1os Mundo Muebles Buga comenz\u00f3 a destacarse por su \u00e9nfasis en el dise\u00f1o funcional y atractivo de sus muebles. El concepto de muebles personalizados y la asesor\u00eda personalizada en las tiendas, donde los clientes pod\u00edan escoger cada detalle de sus productos, se convirti\u00f3 en una caracter\u00edstica distintiva.<\/p>\n<p>3. Expansi\u00f3n:<\/p>\n<p>Mundo Muebles Buga inici\u00f3 su expansi\u00f3n en el a\u00f1o 2019, abriendo las puertas a la satisfacci\u00f3n de una demanda selectiva. Esta expansi\u00f3n continu\u00f3 de manera constante en los siguientes a\u00f1os, llevando la marca a otro nivel.<\/p>\n<p>4. Concepto &#8220;Democr\u00e1tico del Dise\u00f1o&#8221;:<\/p>\n<p>Mundo Muebles Buga consolid\u00f3 su filosof\u00eda de ofrecer &#8220;dise\u00f1o democr\u00e1tico&#8221;, que se traduce en la creaci\u00f3n de productos asequibles y de calidad para todos. Esto incluy\u00f3 la colaboraci\u00f3n con dise\u00f1adores de renombre.<\/p>\n<p>5. Desaf\u00edos y Oportunidades Futuras:<\/p>\n<p>A medida que Mundo Muebles buga enfrenta desaf\u00edos en un mercado minorista cada vez m\u00e1s competitivo, la empresa contin\u00faa adapt\u00e1ndose, explorando nuevas oportunidades y manteniendo su compromiso con la accesibilidad, el dise\u00f1o innovador y la sostenibilidad.<br \/>\nEsta rese\u00f1a proporciona una visi\u00f3n general de la evoluci\u00f3n hist\u00f3rica de Mundo Muebles Buga.<\/p>\n\n\t\t<\/div>\n\t\t\t\t\t<\/div>\n\n\t\n\n<\/div>\n<ul class=\"product_list_widget\">\n                  <li>\n\t<a href=\"https:\/\/xn--diseoambar-w9a.com\/index.php\/producto\/espejo-rectangular-cosmos-130x60cm\/\" title=\"Espejo Rectangular Cosmos 130x60cm\">\n\t\t<img loading=\"lazy\" decoding=\"async\" width=\"100\" height=\"100\" src=\"https:\/\/xn--diseoambar-w9a.com\/wp-content\/uploads\/2025\/05\/cosmo1-100x100.jpeg\" class=\"attachment-woocommerce_gallery_thumbnail size-woocommerce_gallery_thumbnail\" alt=\"Espejo Rectangular Cosmos 130x60cm\" srcset=\"https:\/\/xn--diseoambar-w9a.com\/wp-content\/uploads\/2025\/05\/cosmo1-100x100.jpeg 100w, https:\/\/xn--diseoambar-w9a.com\/wp-content\/uploads\/2025\/05\/cosmo1-150x150.jpeg 150w\" sizes=\"auto, (max-width: 100px) 100vw, 100px\" \/>\t\t<span class=\"product-title\">Espejo Rectangular Cosmos 130x60cm<\/span>\n\t<\/a>\n\t\t<span class=\"woocommerce-Price-amount amount\"><bdi><span class=\"woocommerce-Price-currencySymbol\">&#36;<\/span>&nbsp;870.000<\/bdi><\/span><\/li>\n                  <li>\n\t<a href=\"https:\/\/xn--diseoambar-w9a.com\/index.php\/producto\/reloj-majeste-ii\/\" title=\"Reloj Majest\u00e9 II\">\n\t\t<img loading=\"lazy\" decoding=\"async\" width=\"100\" height=\"100\" src=\"https:\/\/xn--diseoambar-w9a.com\/wp-content\/uploads\/2025\/05\/MAGESZTE-2.1-100x100.jpeg\" class=\"attachment-woocommerce_gallery_thumbnail size-woocommerce_gallery_thumbnail\" alt=\"Reloj Majest\u00e9 II\" srcset=\"https:\/\/xn--diseoambar-w9a.com\/wp-content\/uploads\/2025\/05\/MAGESZTE-2.1-100x100.jpeg 100w, https:\/\/xn--diseoambar-w9a.com\/wp-content\/uploads\/2025\/05\/MAGESZTE-2.1-150x150.jpeg 150w\" sizes=\"auto, (max-width: 100px) 100vw, 100px\" \/>\t\t<span class=\"product-title\">Reloj Majest\u00e9 II<\/span>\n\t<\/a>\n\t\t<span class=\"woocommerce-Price-amount amount\"><bdi><span class=\"woocommerce-Price-currencySymbol\">&#36;<\/span>&nbsp;190.000<\/bdi><\/span><\/li>\n                  <li>\n\t<a href=\"https:\/\/xn--diseoambar-w9a.com\/index.php\/producto\/cuadro-espejo-esmeralda-130x60cm\/\" title=\"Espejo Rectangular Esmeralda 130x60cm\">\n\t\t<img loading=\"lazy\" decoding=\"async\" width=\"100\" height=\"100\" src=\"https:\/\/xn--diseoambar-w9a.com\/wp-content\/uploads\/2025\/05\/esmeralda-100x100.jpg\" class=\"attachment-woocommerce_gallery_thumbnail size-woocommerce_gallery_thumbnail\" alt=\"Espejo Rectangular Esmeralda 130x60cm\" srcset=\"https:\/\/xn--diseoambar-w9a.com\/wp-content\/uploads\/2025\/05\/esmeralda-100x100.jpg 100w, https:\/\/xn--diseoambar-w9a.com\/wp-content\/uploads\/2025\/05\/esmeralda-150x150.jpg 150w\" sizes=\"auto, (max-width: 100px) 100vw, 100px\" \/>\t\t<span class=\"product-title\">Espejo Rectangular Esmeralda 130x60cm<\/span>\n\t<\/a>\n\t\t<span class=\"woocommerce-Price-amount amount\"><bdi><span class=\"woocommerce-Price-currencySymbol\">&#36;<\/span>&nbsp;870.000<\/bdi><\/span><\/li>\n        \n      <\/ul>","protected":false},"excerpt":{"rendered":"","protected":false},"author":1,"featured_media":0,"parent":0,"menu_order":0,"comment_status":"closed","ping_status":"closed","template":"","meta":{"_joinchat":[],"footnotes":""},"class_list":["post-27","page","type-page","status-publish","hentry"],"_links":{"self":[{"href":"https:\/\/xn--diseoambar-w9a.com\/index.php\/wp-json\/wp\/v2\/pages\/27","targetHints":{"allow":["GET"]}}],"collection":[{"href":"https:\/\/xn--diseoambar-w9a.com\/index.php\/wp-json\/wp\/v2\/pages"}],"about":[{"href":"https:\/\/xn--diseoambar-w9a.com\/index.php\/wp-json\/wp\/v2\/types\/page"}],"author":[{"embeddable":true,"href":"https:\/\/xn--diseoambar-w9a.com\/index.php\/wp-json\/wp\/v2\/users\/1"}],"replies":[{"embeddable":true,"href":"https:\/\/xn--diseoambar-w9a.com\/index.php\/wp-json\/wp\/v2\/comments?post=27"}],"version-history":[{"count":4,"href":"https:\/\/xn--diseoambar-w9a.com\/index.php\/wp-json\/wp\/v2\/pages\/27\/revisions"}],"predecessor-version":[{"id":98,"href":"https:\/\/xn--diseoambar-w9a.com\/index.php\/wp-json\/wp\/v2\/pages\/27\/revisions\/98"}],"wp:attachment":[{"href":"https:\/\/xn--diseoambar-w9a.com\/index.php\/wp-json\/wp\/v2\/media?parent=27"}],"curies":[{"name":"wp","href":"https:\/\/api.w.org\/{rel}","templated":true}]}}